{"id":31,"date":"2020-06-06T20:44:38","date_gmt":"2020-06-06T20:44:38","guid":{"rendered":"https:\/\/virtuallearningpartners.com\/?page_id=31"},"modified":"2024-10-11T11:22:15","modified_gmt":"2024-10-11T10:22:15","slug":"impressum-datenschutz","status":"publish","type":"page","link":"https:\/\/vlp-education.com\/?page_id=31","title":{"rendered":"Impressum | Datenschutz | Contact | Privacy Policy"},"content":{"rendered":"<section  class='av_textblock_section av-kb247syh-c203045c6e7ed001022b7d6d99c194ed '   itemscope=\"itemscope\" itemtype=\"https:\/\/schema.org\/CreativeWork\" ><div class='avia_textblock'  itemprop=\"text\" ><div>\n<\/div>\n<\/div><\/section>\n\n<style type=\"text\/css\" data-created_by=\"avia_inline_auto\" id=\"style-css-av-kevlkqb8-2c0851d03b23485b4aef9611f6dfe74b\">\n.flex_column.av-kevlkqb8-2c0851d03b23485b4aef9611f6dfe74b{\nborder-radius:0px 0px 0px 0px;\npadding:0px 0px 0px 0px;\n}\n<\/style>\n<div  class='flex_column av-kevlkqb8-2c0851d03b23485b4aef9611f6dfe74b av_one_half  avia-builder-el-1  el_after_av_textblock  el_before_av_one_half  first flex_column_div av-zero-column-padding  column-top-margin'     ><section  class='av_textblock_section av-kevll6o8-e29e8851ea43a528ea7db034aee89167 '   itemscope=\"itemscope\" itemtype=\"https:\/\/schema.org\/CreativeWork\" ><div class='avia_textblock'  itemprop=\"text\" ><h4><b>Contact | Privacy Policy<\/b><\/h4>\n<p>Person in charge:<br \/>\nR\u00fcdiger Hoppe, 81247 Munich, Germany<br \/>\nPhone: +498980928046<br \/>\nE-Mail: info@vlp-education.com<br \/>\nUSTID: DE313573615<\/p>\n<p><strong>General note and compulsory information.\u00a0Designation of the responsible body.<\/strong><\/p>\n<p>The person responsible for data processing on this website is R\u00fcdiger Hoppe, 81247 M\u00fcnchen, Germany.<\/p>\n<p>The responsible body decides alone or jointly with others on the purposes and means of processing personal data (e.g. names, contact details, etc.)<\/p>\n<p><strong>Revocation of your consent to data processing<\/strong><\/p>\n<p>Only with your express consent are some data processing operations possible. A revocation of your already given consent is possible at any time. An informal notification by e-mail is sufficient for the revocation. The legality of the data processing carried out up to the time of revocation remains unaffected by the revocation.<\/p>\n<p><strong>Right of appeal to the competent supervisory authority<\/strong><\/p>\n<p>As the person concerned, you have the right to complain to the competent supervisory authority in the event of a breach of data protection law. The competent supervisory authority with regard to data protection issues is the State Data Protection Commissioner of the federal state in which our company is based. The following link provides a list of the data protection officers and their contact details: https:\/\/www.bfdi.bund.de\/DE\/Infothek\/Anschriften_Links\/anschriften_links-node.html.<\/p>\n<p><strong>Right to data transferability<\/strong><\/p>\n<p>You have the right to have data which we process automatically on the basis of your consent or in fulfilment of a contract handed over to you or to third parties. The data will be provided in a machine-readable format. If you request the direct transfer of the data to another responsible party, this will only take place to the extent that it is technically feasible.<\/p>\n<p><strong>Right to information, correction, blocking, deletion<\/strong><\/p>\n<p>Within the framework of the applicable legal provisions, you have the right to obtain information free of charge at any time about your stored personal data, the origin of the data, its recipients and the purpose of the data processing and, if applicable, a right to correct, block or delete this data. In this regard and also for further questions on the subject of personal data, you can contact us at any time using the contact options listed in the imprint.<\/p>\n<p><strong>SSL or TLS encryption<\/strong><\/p>\n<p>For security reasons and to protect the transmission of confidential content that you send to us as the site operator, our website uses SSL or TLS encryption. This means that data that you transmit via this website cannot be read by third parties. You can recognise an encrypted connection by the https:\/\/&#8220; address line of your browser and the lock symbol in the browser line.<\/p>\n<p><strong>Server log files<\/strong><\/p>\n<p>In server log files, the provider of the website automatically collects and stores information that your browser automatically transmits to us. These are:<\/p>\n<ul>\n<li><span class=\"Apple-converted-space\">\u00a0 \u00a0 <\/span>Visited page on our domain<\/li>\n<li><span class=\"Apple-converted-space\">\u00a0 \u00a0 <\/span>Date and time of the server request<\/li>\n<li><span class=\"Apple-converted-space\">\u00a0 \u00a0 <\/span>Browser type and version<\/li>\n<li><span class=\"Apple-converted-space\">\u00a0 \u00a0 <\/span>Operating system used<\/li>\n<li><span class=\"Apple-converted-space\">\u00a0 \u00a0 <\/span>Referrer URL<\/li>\n<li><span class=\"Apple-converted-space\">\u00a0 \u00a0 <\/span>Host name of the accessing computer<\/li>\n<li><span class=\"Apple-converted-space\">\u00a0 \u00a0 <\/span>IP address<\/li>\n<\/ul>\n<p>This data is not merged with other data sources. The basis for data processing is Art. 6 para. 1 letter b DSGVO, which permits the processing of data for the fulfilment of a contract or pre-contractual measures.<\/p>\n<p><strong>Registration on this website<\/strong><\/p>\n<p>You can register on our website to use certain functions. The transmitted data is used exclusively for the purpose of using the respective offer or service. Mandatory data requested during registration must be provided in full. Otherwise we will refuse the registration.<\/p>\n<p>In case of important changes, for example for technical reasons, we will inform you by e-mail. The e-mail will be sent to the address given during registration.<\/p>\n<p>The data entered during registration will be processed on the basis of your consent (Art. 6 para. 1 lit. a DSGVO). It is possible to revoke the consent you have already given at any time. An informal notification by e-mail is sufficient for revocation. The legality of the data processing already carried out remains unaffected by the revocation.<\/p>\n<p>We store the data collected during registration for the period of time you are registered on our website. Your data will be deleted if you cancel your registration. Legal retention periods remain unaffected.<\/p>\n<p><strong>Storage period of contributions and comments<\/strong><\/p>\n<p>Contributions and comments as well as related data, such as IP addresses, are stored. The content remains on our website until it has been completely deleted or had to be deleted for legal reasons.<\/p>\n<p>Contributions and comments are stored on the basis of your consent (Art. 6 para. 1 lit. a DSGVO). It is possible to revoke your previously granted consent at any time. An informal notification by e-mail is sufficient for the revocation. The legality of data processing operations already carried out remains unaffected by the revocation.<\/p>\n<p><strong>Cookies<\/strong><\/p>\n<p>Our website uses cookies. These are small text files that your web browser stores on your end device. Cookies help us to make our website more user-friendly, effective and safer.<\/p>\n<p>Some cookies are &#8222;session cookies. Such cookies are automatically deleted after your browser session ends. On the other hand, other cookies remain on your terminal device until you delete them yourself. Such cookies help us to recognise you when you return to our website.<\/p>\n<p>With a modern web browser you can monitor, restrict or prevent the setting of cookies. Many web browsers can be configured so that cookies are automatically deleted when you close the program. Disabling cookies may result in limited functionality of our website.<\/p>\n<p>The setting of cookies, which are necessary for electronic communication processes or the provision of certain functions you require (e.g. shopping basket), is based on Art. 6 Para. 1 letter f DSGVO. As operators of this website, we have a legitimate interest in the storage of cookies for the technically error-free and smooth provision of our services. The setting of other cookies (e.g. for analysis functions) that are not necessary for the smooth operation of our services is expressly not carried out.<\/p>\n<\/div><\/section><\/div>\n<style type=\"text\/css\" data-created_by=\"avia_inline_auto\" id=\"style-css-av-kevlkqb8-1-650bcdeb731118dfc25b46c64cae9424\">\n.flex_column.av-kevlkqb8-1-650bcdeb731118dfc25b46c64cae9424{\nborder-radius:0px 0px 0px 0px;\npadding:0px 0px 0px 0px;\n}\n<\/style>\n<div  class='flex_column av-kevlkqb8-1-650bcdeb731118dfc25b46c64cae9424 av_one_half  avia-builder-el-3  el_after_av_one_half  avia-builder-el-last  flex_column_div av-zero-column-padding  column-top-margin'     ><section  class='av_textblock_section av-kevlmlga-31ebe1845e3689ae1428a71f75b28c93 '   itemscope=\"itemscope\" itemtype=\"https:\/\/schema.org\/CreativeWork\" ><div class='avia_textblock'  itemprop=\"text\" ><h4><b>Impressum\u00a0<\/b><\/h4>\n<p>Verantwortliche\/r<br \/>\nR\u00fcdiger Hoppe, 81247 M\u00fcnchen, Germany<br \/>\nTelefon:+498980928046<br \/>\nE-Mail: info@vlp-education.com<br \/>\nUSTID: DE313573615<\/p>\n<h4><b>Datenschutzerkl\u00e4rung<\/b><\/h4>\n<div>\n<p><strong>Allgemeiner Hinweis und Pflichtinformationen<\/strong><\/p>\n<p><strong>Benennung der verantwortlichen Stelle<\/strong><\/p>\n<p>Die verantwortliche Stelle f\u00fcr die Datenverarbeitung auf dieser Website ist:<\/p>\n<p>R\u00fcdiger Hoppe, 81247 M\u00fcnchen, Germany. Die verantwortliche Stelle entscheidet allein oder gemeinsam mit anderen \u00fcber die Zwecke und Mittel der Verarbeitung von personenbezogenen Daten.<\/p>\n<p><strong>Widerruf Ihrer Einwilligung zur Datenverarbeitung<\/strong><\/p>\n<p>Nur mit Ihrer ausdr\u00fccklichen Einwilligung sind einige Vorg\u00e4nge der Datenverarbeitung m\u00f6glich. Ein Widerruf Ihrer bereits erteilten Einwilligung ist jederzeit m\u00f6glich. F\u00fcr den Widerruf gen\u00fcgt eine formlose Mitteilung per E-Mail. Die Rechtm\u00e4\u00dfigkeit der bis zum Widerruf erfolgten Datenverarbeitung bleibt vom Widerruf unber\u00fchrt.<\/p>\n<p><strong>Recht auf Beschwerde bei der zust\u00e4ndigen Aufsichtsbeh\u00f6rde<\/strong><\/p>\n<p>Als Betroffener steht Ihnen im Falle eines datenschutzrechtlichen Versto\u00dfes ein Beschwerderecht bei der zust\u00e4ndigen Aufsichtsbeh\u00f6rde zu. Zust\u00e4ndige Aufsichtsbeh\u00f6rde bez\u00fcglich datenschutzrechtlicher Fragen ist der Landesdatenschutzbeauftragte des Bundeslandes, in dem sich der Sitz unseres Unternehmens befindet. Der folgende Link stellt eine Liste der Datenschutzbeauftragten sowie deren Kontaktdaten bereit:\u00a0<a href=\"https:\/\/www.bfdi.bund.de\/DE\/Infothek\/Anschriften_Links\/anschriften_links-node.html\" target=\"_blank\" rel=\"noopener\">https:\/\/www.bfdi.bund.de\/DE\/Infothek\/Anschriften_Links\/anschriften_links-node.html<\/a>.<\/p>\n<p><strong>Recht auf Daten\u00fcbertragbarkeit<\/strong><\/p>\n<p>Ihnen steht das Recht zu, Daten, die wir auf Grundlage Ihrer Einwilligung oder in Erf\u00fcllung eines Vertrags automatisiert verarbeiten, an sich oder an Dritte aush\u00e4ndigen zu lassen. Die Bereitstellung erfolgt in einem maschinenlesbaren Format. Sofern Sie die direkte \u00dcbertragung der Daten an einen anderen Verantwortlichen verlangen, erfolgt dies nur, soweit es technisch machbar ist.<\/p>\n<p><strong>Recht auf Auskunft, Berichtigung, Sperrung, L\u00f6schung<\/strong><\/p>\n<p>Sie haben jederzeit im Rahmen der geltenden gesetzlichen Bestimmungen das Recht auf unentgeltliche Auskunft \u00fcber Ihre gespeicherten personenbezogenen Daten, Herkunft der Daten, deren Empf\u00e4nger und den Zweck der Datenverarbeitung und ggf. ein Recht auf Berichtigung, Sperrung oder L\u00f6schung dieser Daten. Diesbez\u00fcglich und auch zu weiteren Fragen zum Thema personenbezogene Daten k\u00f6nnen Sie sich jederzeit \u00fcber die im Impressum aufgef\u00fchrten Kontaktm\u00f6glichkeiten an uns wenden.<\/p>\n<p><strong>SSL- bzw. TLS-Verschl\u00fcsselung<\/strong><\/p>\n<p>Aus Sicherheitsgr\u00fcnden und zum Schutz der \u00dcbertragung vertraulicher Inhalte, die Sie an uns als Seitenbetreiber senden, nutzt unsere Website eine SSL-bzw. TLS-Verschl\u00fcsselung. Damit sind Daten, die Sie \u00fcber diese Website \u00fcbermitteln, f\u00fcr Dritte nicht mitlesbar. Sie erkennen eine verschl\u00fcsselte Verbindung an der \u201ehttps:\/\/\u201c Adresszeile Ihres Browsers und am Schloss-Symbol in der Browserzeile.<\/p>\n<\/div>\n<div>\n<p><strong>Server-Log-Dateien<\/strong><\/p>\n<p>In Server-Log-Dateien erhebt und speichert der Provider der Website automatisch Informationen, die Ihr Browser automatisch an uns \u00fcbermittelt. Dies sind:<\/p>\n<ul>\n<li>Besuchte Seite auf unserer Domain<\/li>\n<li>Datum und Uhrzeit der Serveranfrage<\/li>\n<li>Browsertyp und Browserversion<\/li>\n<li>Verwendetes Betriebssystem<\/li>\n<li>Referrer URL<\/li>\n<li>Hostname des zugreifenden Rechners<\/li>\n<li>IP-Adresse<\/li>\n<\/ul>\n<p>Es findet keine Zusammenf\u00fchrung dieser Daten mit anderen Datenquellen statt. Grundlage der Datenverarbeitung bildet Art. 6 Abs. 1 lit. b DSGVO, der die Verarbeitung von Daten zur Erf\u00fcllung eines Vertrags oder vorvertraglicher Ma\u00dfnahmen gestattet.<\/p>\n<\/div>\n<div>\n<p><strong>Registrierung auf dieser Website<\/strong><\/p>\n<p>Zur Nutzung bestimmter Funktionen k\u00f6nnen Sie sich auf unserer Website registrieren. Die \u00fcbermittelten Daten dienen ausschlie\u00dflich zum Zwecke der Nutzung des jeweiligen Angebotes oder Dienstes. Bei der Registrierung abgefragte Pflichtangaben sind vollst\u00e4ndig anzugeben. Andernfalls werden wir die Registrierung ablehnen.<\/p>\n<p>Im Falle wichtiger \u00c4nderungen, etwa aus technischen Gr\u00fcnden, informieren wir Sie per E-Mail. Die E-Mail wird an die Adresse versendet, die bei der Registrierung angegeben wurde.<\/p>\n<p>Die Verarbeitung der bei der Registrierung eingegebenen Daten erfolgt auf Grundlage Ihrer Einwilligung (Art. 6 Abs. 1 lit. a DSGVO). Ein Widerruf Ihrer bereits erteilten Einwilligung ist jederzeit m\u00f6glich. F\u00fcr den Widerruf gen\u00fcgt eine formlose Mitteilung per E-Mail. Die Rechtm\u00e4\u00dfigkeit der bereits erfolgten Datenverarbeitung bleibt vom Widerruf unber\u00fchrt.<\/p>\n<p>Wir speichern die bei der Registrierung erfassten Daten w\u00e4hrend des Zeitraums, den Sie auf unserer Website registriert sind. Ihren Daten werden gel\u00f6scht, sollten Sie Ihre Registrierung aufheben. Gesetzliche Aufbewahrungsfristen bleiben unber\u00fchrt.<\/p>\n<\/div>\n<div>\n<p><strong>Speicherdauer von Beitr\u00e4gen und Kommentaren<\/strong><\/p>\n<p>Beitr\u00e4ge und Kommentare sowie damit in Verbindung stehende Daten, wie beispielsweise IP-Adressen, werden gespeichert. Der Inhalt verbleibt auf unserer Website, bis er vollst\u00e4ndig gel\u00f6scht wurde oder aus rechtlichen Gr\u00fcnden gel\u00f6scht werden musste.<\/p>\n<p>Die Speicherung der Beitr\u00e4ge und Kommentare erfolgt auf Grundlage Ihrer Einwilligung (Art. 6 Abs. 1 lit. a DSGVO). Ein Widerruf Ihrer bereits erteilten Einwilligung ist jederzeit m\u00f6glich. F\u00fcr den Widerruf gen\u00fcgt eine formlose Mitteilung per E-Mail. Die Rechtm\u00e4\u00dfigkeit bereits erfolgter Datenverarbeitungsvorg\u00e4nge bleibt vom Widerruf unber\u00fchrt.<\/p>\n<\/div>\n<div>\n<p><strong>Cookies<\/strong><\/p>\n<p>Unsere Website verwendet Cookies. Das sind kleine Textdateien, die Ihr Webbrowser auf Ihrem Endger\u00e4t speichert. Cookies helfen uns dabei, unser Angebot nutzerfreundlicher, effektiver und sicherer zu machen.<\/p>\n<p>Einige Cookies sind \u201cSession-Cookies.\u201d Solche Cookies werden nach Ende Ihrer Browser-Sitzung von selbst gel\u00f6scht. Hingegen bleiben andere Cookies auf Ihrem Endger\u00e4t bestehen, bis Sie diese selbst l\u00f6schen. Solche Cookies helfen uns, Sie bei R\u00fcckkehr auf unserer Website wiederzuerkennen.<\/p>\n<p>Mit einem modernen Webbrowser k\u00f6nnen Sie das Setzen von Cookies \u00fcberwachen, einschr\u00e4nken oder unterbinden. Viele Webbrowser lassen sich so konfigurieren, dass Cookies mit dem Schlie\u00dfen des Programms von selbst gel\u00f6scht werden. Die Deaktivierung von Cookies kann eine eingeschr\u00e4nkte Funktionalit\u00e4t unserer Website zur Folge haben.<\/p>\n<p>Das Setzen von Cookies, die zur Aus\u00fcbung elektronischer Kommunikationsvorg\u00e4nge oder der Bereitstellung bestimmter, von Ihnen erw\u00fcnschter Funktionen (z.B. Warenkorb) notwendig sind, erfolgt auf Grundlage von Art. 6 Abs. 1 lit. f DSGVO. Als Betreiber dieser Website haben wir ein berechtigtes Interesse an der Speicherung von Cookies zur technisch fehlerfreien und reibungslosen Bereitstellung unserer Dienste. Die Setzung anderer, nicht zum reibungslosen Betrieb unserer Dienste notwendigen Cookies (z.B. f\u00fcr Analyse-Funktionen), erfolgt ausdr\u00fccklich nicht.<\/p>\n<\/div>\n<\/div><\/section><\/div><\/p>\n","protected":false},"excerpt":{"rendered":"","protected":false},"author":3,"featured_media":0,"parent":2189,"menu_order":0,"comment_status":"closed","ping_status":"closed","template":"","meta":{"footnotes":""},"class_list":["post-31","page","type-page","status-publish","hentry"],"_links":{"self":[{"href":"https:\/\/vlp-education.com\/index.php?rest_route=\/wp\/v2\/pages\/31","targetHints":{"allow":["GET"]}}],"collection":[{"href":"https:\/\/vlp-education.com\/index.php?rest_route=\/wp\/v2\/pages"}],"about":[{"href":"https:\/\/vlp-education.com\/index.php?rest_route=\/wp\/v2\/types\/page"}],"author":[{"embeddable":true,"href":"https:\/\/vlp-education.com\/index.php?rest_route=\/wp\/v2\/users\/3"}],"replies":[{"embeddable":true,"href":"https:\/\/vlp-education.com\/index.php?rest_route=%2Fwp%2Fv2%2Fcomments&post=31"}],"version-history":[{"count":20,"href":"https:\/\/vlp-education.com\/index.php?rest_route=\/wp\/v2\/pages\/31\/revisions"}],"predecessor-version":[{"id":2789,"href":"https:\/\/vlp-education.com\/index.php?rest_route=\/wp\/v2\/pages\/31\/revisions\/2789"}],"up":[{"embeddable":true,"href":"https:\/\/vlp-education.com\/index.php?rest_route=\/wp\/v2\/pages\/2189"}],"wp:attachment":[{"href":"https:\/\/vlp-education.com\/index.php?rest_route=%2Fwp%2Fv2%2Fmedia&parent=31"}],"curies":[{"name":"wp","href":"https:\/\/api.w.org\/{rel}","templated":true}]}}